{"id":2,"date":"2024-10-23T16:44:28","date_gmt":"2024-10-23T16:44:28","guid":{"rendered":"http:\/\/www.nella.com.tr\/?page_id=2"},"modified":"2024-10-24T14:27:40","modified_gmt":"2024-10-24T14:27:40","slug":"sample-page","status":"publish","type":"page","link":"http:\/\/www.nella.com.tr\/","title":{"rendered":"Ana Sayfa"},"content":{"rendered":"<div class=\"wpb-content-wrapper\"><p>[vc_row full_width=&#8221;stretch_row&#8221; woodmart_css_id=&#8221;671a43da71f68&#8243; responsive_spacing=&#8221;eyJwYXJhbV90eXBlIjoid29vZG1hcnRfcmVzcG9uc2l2ZV9zcGFjaW5nIiwic2VsZWN0b3JfaWQiOiI2NzFhNDNkYTcxZjY4Iiwic2hvcnRjb2RlIjoidmNfcm93IiwiZGF0YSI6eyJ0YWJsZXQiOnt9LCJtb2JpbGUiOnt9fX0=&#8221; mobile_bg_img_hidden=&#8221;no&#8221; tablet_bg_img_hidden=&#8221;no&#8221; woodmart_parallax=&#8221;0&#8243; woodmart_gradient_switch=&#8221;no&#8221; woodmart_box_shadow=&#8221;no&#8221; wd_z_index=&#8221;no&#8221; woodmart_disable_overflow=&#8221;0&#8243; row_reverse_mobile=&#8221;0&#8243; row_reverse_tablet=&#8221;0&#8243; el_id=&#8221;web&#8221;][vc_column]\t\t\t<link rel=\"stylesheet\" id=\"wd-swiper-css\" href=\"http:\/\/www.nella.com.tr\/wp-content\/themes\/woodmart\/css\/parts\/lib-swiper.min.css?ver=7.4.0\" type=\"text\/css\" media=\"all\" \/> \t\t\t\n\t\t\t<div id=\"carousel-402\" class=\"wd-carousel-container banners-carousel-wrapper   wd-rs-671a3b3e00ae3\">\n\t\t\t\t<div class=\"wd-carousel-inner\">\n\t\t\t\t\t<div class=\"wd-carousel wd-grid banners-carousel \" data-scroll_per_page=\"yes\" style=\"--wd-col-lg:1;--wd-col-md:1;--wd-col-sm:1;--wd-gap-lg:30px;--wd-gap-sm:10px;\">\n\t\t\t\t\t\t<div class=\"wd-carousel-wrap\">\n\t\t\t\t\t\t\t\t\t\t<link rel=\"stylesheet\" id=\"wd-banner-css\" href=\"http:\/\/www.nella.com.tr\/wp-content\/themes\/woodmart\/css\/parts\/wpb-el-banner.min.css?ver=7.4.0\" type=\"text\/css\" media=\"all\" \/> \t\t\t\t\t\t<link rel=\"stylesheet\" id=\"wd-banner-btn-hover-css\" href=\"http:\/\/www.nella.com.tr\/wp-content\/themes\/woodmart\/css\/parts\/el-banner-btn-hover.min.css?ver=7.4.0\" type=\"text\/css\" media=\"all\" \/> \t\t\t\t\t\t<link rel=\"stylesheet\" id=\"wd-mod-highlighted-text-css\" href=\"http:\/\/www.nella.com.tr\/wp-content\/themes\/woodmart\/css\/parts\/mod-highlighted-text.min.css?ver=7.4.0\" type=\"text\/css\" media=\"all\" \/> \t\t\t\t\t<div class=\"promo-banner-wrapper  wd-rs-671a3d494ffbb  wd-carousel-item\">\n\t\t\t<div id=\"wd-671a3d494ffbb\" class=\"promo-banner  banner- banner-hover-none color-scheme-light banner-btn-size-default banner-btn-style-default  wd-underline-colored\">\n\t\t\t\t<div class=\"main-wrapp-img\">\n\t\t\t\t\t<div class=\"banner-image wd-bg-position-center\" >\n\t\t\t\t\t\t<img loading=\"lazy\" decoding=\"async\" width=\"1900\" height=\"720\" src=\"http:\/\/www.nella.com.tr\/wp-content\/uploads\/2024\/10\/isabella-yatak-odasi.png\" class=\"attachment-1900*720 size-1900*720\" alt=\"\" \/>\t\t\t\t\t<\/div>\n\t\t\t\t<\/div>\n\n\t\t\t\t<div class=\"wrapper-content-banner wd-fill  wd-items-bottom wd-justify-center\">\n\t\t\t\t\t<div class=\"content-banner  text-center\">\n\t\t\t\t\t\t<h1 class=\"banner-title wd-font-weight- wd-fontsize-xxl\">Isabella Yatak Odas\u0131<\/h1>\t\t\t\t\t\t\n\t\t\t\t\t\t\n\t\t\t\t\t\t\t\t\t\t\t<\/div>\n\t\t\t\t<\/div>\n\n\t\t\t\t\n\t\t\t\t\t\t\t<\/div>\n\t\t<\/div>\n\n\t\t\t\t\t\t\t\t<\/div>\n\t\t\t\t\t<\/div>\n\n\t\t\t\t\t\t\t\t\t\t\t\t\t<div class=\"wd-nav-arrows wd-pos-sep wd-hover-1 wd-icon-1\">\n\t\t\t<div class=\"wd-btn-arrow wd-prev wd-disabled\">\n\t\t\t\t<div class=\"wd-arrow-inner\"><\/div>\n\t\t\t<\/div>\n\t\t\t<div class=\"wd-btn-arrow wd-next\">\n\t\t\t\t<div class=\"wd-arrow-inner\"><\/div>\n\t\t\t<\/div>\n\t\t<\/div>\n\t\t\t\t\t<link rel=\"stylesheet\" id=\"wd-swiper-arrows-css\" href=\"http:\/\/www.nella.com.tr\/wp-content\/themes\/woodmart\/css\/parts\/lib-swiper-arrows.min.css?ver=7.4.0\" type=\"text\/css\" media=\"all\" \/> \t\t\t\t\t\t\t\t\t\t\t\t<\/div>\n\n\t\t\t\t\t\t\t<link rel=\"stylesheet\" id=\"wd-swiper-pagin-css\" href=\"http:\/\/www.nella.com.tr\/wp-content\/themes\/woodmart\/css\/parts\/lib-swiper-pagin.min.css?ver=7.4.0\" type=\"text\/css\" media=\"all\" \/> \t\t\t\t\t<div class=\"wd-nav-pagin-wrap text-center wd-style-shape wd-hide-md-sm wd-hide-sm\">\n\t\t\t<ul class=\"wd-nav-pagin\"><\/ul>\n\t\t<\/div>\n\t\t\t\t\t\t\t\t\t<\/div>\n\n\t\t[\/vc_column][\/vc_row][vc_row full_width=&#8221;stretch_row&#8221; woodmart_css_id=&#8221;671a43e73e5db&#8221; responsive_spacing=&#8221;eyJwYXJhbV90eXBlIjoid29vZG1hcnRfcmVzcG9uc2l2ZV9zcGFjaW5nIiwic2VsZWN0b3JfaWQiOiI2NzFhNDNlNzNlNWRiIiwic2hvcnRjb2RlIjoidmNfcm93IiwiZGF0YSI6eyJ0YWJsZXQiOnt9LCJtb2JpbGUiOnt9fX0=&#8221; mobile_bg_img_hidden=&#8221;no&#8221; tablet_bg_img_hidden=&#8221;no&#8221; woodmart_parallax=&#8221;0&#8243; woodmart_gradient_switch=&#8221;no&#8221; woodmart_box_shadow=&#8221;no&#8221; wd_z_index=&#8221;no&#8221; woodmart_disable_overflow=&#8221;0&#8243; row_reverse_mobile=&#8221;0&#8243; row_reverse_tablet=&#8221;0&#8243; el_id=&#8221;mobil&#8221;][vc_column]\n\t\t\t<div id=\"carousel-335\" class=\"wd-carousel-container banners-carousel-wrapper   wd-rs-671a3b3e00ae3\">\n\t\t\t\t<div class=\"wd-carousel-inner\">\n\t\t\t\t\t<div class=\"wd-carousel wd-grid banners-carousel \" data-scroll_per_page=\"yes\" style=\"--wd-col-lg:1;--wd-col-md:1;--wd-col-sm:1;--wd-gap-lg:30px;--wd-gap-sm:10px;\">\n\t\t\t\t\t\t<div class=\"wd-carousel-wrap\">\n\t\t\t\t\t\t\t\t\t<div class=\"promo-banner-wrapper  wd-rs-671a442f47e86  wd-carousel-item\">\n\t\t\t<div id=\"wd-671a442f47e86\" class=\"promo-banner  banner- banner-hover-none color-scheme-light banner-btn-size-default banner-btn-style-default  wd-underline-colored\">\n\t\t\t\t<div class=\"main-wrapp-img\">\n\t\t\t\t\t<div class=\"banner-image wd-bg-position-center\" >\n\t\t\t\t\t\t<img loading=\"lazy\" decoding=\"async\" width=\"375\" height=\"500\" src=\"http:\/\/www.nella.com.tr\/wp-content\/uploads\/2024\/10\/isabella-yatak-odasi-mobil.png\" class=\"attachment-375*500 size-375*500\" alt=\"\" \/>\t\t\t\t\t<\/div>\n\t\t\t\t<\/div>\n\n\t\t\t\t<div class=\"wrapper-content-banner wd-fill  wd-items-bottom wd-justify-center\">\n\t\t\t\t\t<div class=\"content-banner  text-center\">\n\t\t\t\t\t\t<h1 class=\"banner-title wd-font-weight- wd-fontsize-xxl\">Isabella Yatak Odas\u0131<\/h1>\t\t\t\t\t\t\n\t\t\t\t\t\t\n\t\t\t\t\t\t\t\t\t\t\t<\/div>\n\t\t\t\t<\/div>\n\n\t\t\t\t\n\t\t\t\t\t\t\t<\/div>\n\t\t<\/div>\n\n\t\t\t\t\t\t\t\t<\/div>\n\t\t\t\t\t<\/div>\n\n\t\t\t\t\t\t\t\t\t\t\t\t\t<div class=\"wd-nav-arrows wd-pos-sep wd-hover-1 wd-icon-1\">\n\t\t\t<div class=\"wd-btn-arrow wd-prev wd-disabled\">\n\t\t\t\t<div class=\"wd-arrow-inner\"><\/div>\n\t\t\t<\/div>\n\t\t\t<div class=\"wd-btn-arrow wd-next\">\n\t\t\t\t<div class=\"wd-arrow-inner\"><\/div>\n\t\t\t<\/div>\n\t\t<\/div>\n\t\t\t\t\t\t\t\t\t\t\t<\/div>\n\n\t\t\t\t\t\t<div class=\"wd-nav-pagin-wrap text-center wd-style-shape wd-hide-md-sm wd-hide-sm\">\n\t\t\t<ul class=\"wd-nav-pagin\"><\/ul>\n\t\t<\/div>\n\t\t\t\t\t\t\t\t\t<\/div>\n\n\t\t[\/vc_column][\/vc_row][vc_row el_id=&#8221;hakkimizda&#8221; woodmart_css_id=&#8221;671a3ce218bd2&#8243; responsive_spacing=&#8221;eyJwYXJhbV90eXBlIjoid29vZG1hcnRfcmVzcG9uc2l2ZV9zcGFjaW5nIiwic2VsZWN0b3JfaWQiOiI2NzFhM2NlMjE4YmQyIiwic2hvcnRjb2RlIjoidmNfcm93IiwiZGF0YSI6eyJ0YWJsZXQiOnt9LCJtb2JpbGUiOnt9fX0=&#8221; mobile_bg_img_hidden=&#8221;no&#8221; tablet_bg_img_hidden=&#8221;no&#8221; woodmart_parallax=&#8221;0&#8243; woodmart_gradient_switch=&#8221;no&#8221; woodmart_box_shadow=&#8221;no&#8221; wd_z_index=&#8221;no&#8221; woodmart_disable_overflow=&#8221;0&#8243; row_reverse_mobile=&#8221;0&#8243; row_reverse_tablet=&#8221;0&#8243; css=&#8221;.vc_custom_1729772786595{margin-top: 15px !important;background-color: #E6E6E6 !important;}&#8221;][vc_column]\t\t\t<link rel=\"stylesheet\" id=\"wd-info-box-css\" href=\"http:\/\/www.nella.com.tr\/wp-content\/themes\/woodmart\/css\/parts\/el-info-box.min.css?ver=7.4.0\" type=\"text\/css\" media=\"all\" \/> \t\t\t\t\t\t<div class=\"info-box-wrapper\">\n\t\t\t\t<div id=\"wd-671a433dc91d1\" class=\" wd-rs-671a433dc91d1 wd-info-box wd-wpb text-center box-icon-align-left box-style- color-scheme- wd-bg-none wd-items-middle \">\n\t\t\t\t\t\t\t\t\t\t\t<div class=\"box-icon-wrapper  box-with-icon box-icon-simple\">\n\t\t\t\t\t\t\t<div class=\"info-box-icon\">\n\n\t\t\t\t\t\t\t\n\t\t\t\t\t\t\t\t\t\t\t\t\t\t\t\t\t<img loading=\"lazy\" decoding=\"async\" width=\"392\" height=\"262\" src=\"http:\/\/www.nella.com.tr\/wp-content\/uploads\/2024\/10\/nella-logo.png\" class=\"attachment-800x600 size-800x600\" alt=\"\" srcset=\"http:\/\/www.nella.com.tr\/wp-content\/uploads\/2024\/10\/nella-logo.png 392w, http:\/\/www.nella.com.tr\/wp-content\/uploads\/2024\/10\/nella-logo-300x201.png 300w, http:\/\/www.nella.com.tr\/wp-content\/uploads\/2024\/10\/nella-logo-150x100.png 150w\" sizes=\"(max-width: 392px) 100vw, 392px\" \/>\t\t\t\t\t\t\t\t\t\t\t\t\t\t\t\n\t\t\t\t\t\t\t<\/div>\n\t\t\t\t\t\t<\/div>\n\t\t\t\t\t\t\t\t\t\t<div class=\"info-box-content\">\n\t\t\t\t\t\t<h4 class=\"info-box-title title box-title-style-default wd-fontsize-m\">Nella, mobilya sekt\u00f6r\u00fcndeki yolculu\u011funa Pera Orman \u00dcr\u00fcnleri San. ve Tic. Ltd. \u015eti.'nin g\u00fc\u00e7l\u00fc temelleri \u00fczerine kurulmu\u015ftur. Pera Orman \u00dcr\u00fcnleri\u2019nin sa\u011flad\u0131\u011f\u0131 y\u00fcksek kaliteli malzemeler ve deneyimli \u00fcretim altyap\u0131s\u0131 ile yatak odas\u0131 ve yemek odas\u0131 tak\u0131mlar\u0131 \u00fcretiminde uzmanla\u015farak \u0130neg\u00f6l\u2019\u00fcn mobilya miras\u0131n\u0131 modern tasar\u0131mlarla bulu\u015fturuyoruz. Y\u0131llar\u0131n getirdi\u011fi deneyim ve titiz i\u015f\u00e7ilik anlay\u0131\u015f\u0131yla, m\u00fc\u015fterilerimize dayan\u0131kl\u0131, \u015f\u0131k ve estetik \u00e7\u00f6z\u00fcmler sunuyoruz. M\u00fc\u015fteri memnuniyetini her zaman \u00f6n planda tutan Nella, evlerinize hem fonksiyonel hem de estetik de\u011fer katarak ya\u015fam alanlar\u0131n\u0131z\u0131 g\u00fczelle\u015ftiriyor.<\/h4>\t\t\t\t\t\t<div class=\"info-box-inner set-cont-mb-s reset-last-child\"><\/div>\n\n\t\t\t\t\t\t\t\t\t\t\t<\/div>\n\n\t\t\t\t\t\n\t\t\t\t\t\t\t\t\t<\/div>\n\t\t\t<\/div>\n\t\t[\/vc_column][\/vc_row][vc_row][vc_column]\t\t\t<link rel=\"stylesheet\" id=\"wd-section-title-css\" href=\"http:\/\/www.nella.com.tr\/wp-content\/themes\/woodmart\/css\/parts\/el-section-title.min.css?ver=7.4.0\" type=\"text\/css\" media=\"all\" \/> \t\t\t\n\t\t<div id=\"wd-671a41ad55b4e\" class=\"title-wrapper wd-wpb set-mb-s reset-last-child  wd-rs-671a41ad55b4e wd-title-color-default wd-title-style-default text-center  wd-underline-colored\">\n\t\t\t\n\t\t\t<div class=\"liner-continer\">\n\t\t\t\t<h4 class=\"woodmart-title-container title  wd-font-weight- wd-fontsize-l\" >\u00dcR\u00dcNLER\u0130M\u0130Z<\/h4>\n\t\t\t\t\t\t\t<\/div>\n\t\t\t\n\t\t\t\n\t\t\t\n\t\t<\/div>\n\t\t\n\t\t[woodmart_products columns=\"3\" product_hover=\"icons\" rounding_size=\"\" woodmart_css_id=\"671a41ba93bec\" sale_countdown=\"0\" stock_progress_bar=\"0\" stretch_product_desktop=\"0\" stretch_product_tablet=\"0\" stretch_product_mobile=\"0\" highlighted_products=\"0\" products_bordered_grid=\"0\" products_with_background=\"0\" products_shadow=\"0\" hide_out_of_stock=\"no\" lazy_loading=\"no\" responsive_spacing=\"eyJwYXJhbV90eXBlIjoid29vZG1hcnRfcmVzcG9uc2l2ZV9zcGFjaW5nIiwic2VsZWN0b3JfaWQiOiI2NzFhNDFiYTkzYmVjIiwic2hvcnRjb2RlIjoid29vZG1hcnRfcHJvZHVjdHMiLCJkYXRhIjp7InRhYmxldCI6e30sIm1vYmlsZSI6e319fQ==\"][\/vc_column][\/vc_row][vc_row el_id=&#8221;iletisim&#8221; woodmart_css_id=&#8221;671a5954d1514&#8243; responsive_spacing=&#8221;eyJwYXJhbV90eXBlIjoid29vZG1hcnRfcmVzcG9uc2l2ZV9zcGFjaW5nIiwic2VsZWN0b3JfaWQiOiI2NzFhNTk1NGQxNTE0Iiwic2hvcnRjb2RlIjoidmNfcm93IiwiZGF0YSI6eyJ0YWJsZXQiOnt9LCJtb2JpbGUiOnt9fX0=&#8221; mobile_bg_img_hidden=&#8221;no&#8221; tablet_bg_img_hidden=&#8221;no&#8221; woodmart_parallax=&#8221;0&#8243; woodmart_gradient_switch=&#8221;no&#8221; woodmart_box_shadow=&#8221;no&#8221; wd_z_index=&#8221;no&#8221; woodmart_disable_overflow=&#8221;0&#8243; row_reverse_mobile=&#8221;0&#8243; row_reverse_tablet=&#8221;0&#8243;][vc_column width=&#8221;1\/2&#8243;][vc_text_separator title=&#8221;\u0130leti\u015fim Bilgilerimiz&#8221; title_align=&#8221;separator_align_left&#8221; css=&#8221;&#8221;]\t\t\t<div class=\"info-box-wrapper\">\n\t\t\t\t<div id=\"wd-671a421c781f1\" class=\" wd-rs-671a421c781f1 wd-info-box wd-wpb text-center box-icon-align-left box-style- color-scheme- wd-bg-none wd-items-middle \">\n\t\t\t\t\t\t\t\t\t\t\t<div class=\"box-icon-wrapper  box-with-icon box-icon-simple\">\n\t\t\t\t\t\t\t<div class=\"info-box-icon\">\n\n\t\t\t\t\t\t\t\n\t\t\t\t\t\t\t\t\t\t\t\t\t\t\t\t\t<img loading=\"lazy\" decoding=\"async\" width=\"32\" height=\"32\" src=\"http:\/\/www.nella.com.tr\/wp-content\/uploads\/2024\/10\/phone.png\" class=\"attachment-800x600 size-800x600\" alt=\"\" \/>\t\t\t\t\t\t\t\t\t\t\t\t\t\t\t\n\t\t\t\t\t\t\t<\/div>\n\t\t\t\t\t\t<\/div>\n\t\t\t\t\t\t\t\t\t\t<div class=\"info-box-content\">\n\t\t\t\t\t\t<h4 class=\"info-box-title title box-title-style-default wd-fontsize-m\">+90 506 830 89 32<\/h4>\t\t\t\t\t\t<div class=\"info-box-inner set-cont-mb-s reset-last-child\"><\/div>\n\n\t\t\t\t\t\t\t\t\t\t\t<\/div>\n\n\t\t\t\t\t\n\t\t\t\t\t\t\t\t\t<\/div>\n\t\t\t<\/div>\n\t\t\t\t\t<div class=\"info-box-wrapper\">\n\t\t\t\t<div id=\"wd-671a42920ffab\" class=\" wd-rs-671a42920ffab wd-info-box wd-wpb text-center box-icon-align-left box-style- color-scheme- wd-bg-none wd-items-middle \">\n\t\t\t\t\t\t\t\t\t\t\t<div class=\"box-icon-wrapper  box-with-icon box-icon-simple\">\n\t\t\t\t\t\t\t<div class=\"info-box-icon\">\n\n\t\t\t\t\t\t\t\n\t\t\t\t\t\t\t\t\t\t\t\t\t\t\t\t\t<img loading=\"lazy\" decoding=\"async\" width=\"32\" height=\"32\" src=\"http:\/\/www.nella.com.tr\/wp-content\/uploads\/2024\/10\/mail.png\" class=\"attachment-800x600 size-800x600\" alt=\"\" \/>\t\t\t\t\t\t\t\t\t\t\t\t\t\t\t\n\t\t\t\t\t\t\t<\/div>\n\t\t\t\t\t\t<\/div>\n\t\t\t\t\t\t\t\t\t\t<div class=\"info-box-content\">\n\t\t\t\t\t\t<h4 class=\"info-box-title title box-title-style-default wd-fontsize-m\">info@nella.com.tr<\/h4>\t\t\t\t\t\t<div class=\"info-box-inner set-cont-mb-s reset-last-child\"><\/div>\n\n\t\t\t\t\t\t\t\t\t\t\t<\/div>\n\n\t\t\t\t\t\n\t\t\t\t\t\t\t\t\t<\/div>\n\t\t\t<\/div>\n\t\t\t\t\t<div class=\"info-box-wrapper\">\n\t\t\t\t<div id=\"wd-671a42b1df844\" class=\" wd-rs-671a42b1df844 wd-info-box wd-wpb text-center box-icon-align-left box-style- color-scheme- wd-bg-none wd-items-middle \">\n\t\t\t\t\t\t\t\t\t\t\t<div class=\"box-icon-wrapper  box-with-icon box-icon-simple\">\n\t\t\t\t\t\t\t<div class=\"info-box-icon\">\n\n\t\t\t\t\t\t\t\n\t\t\t\t\t\t\t\t\t\t\t\t\t\t\t\t\t<img loading=\"lazy\" decoding=\"async\" width=\"32\" height=\"32\" src=\"http:\/\/www.nella.com.tr\/wp-content\/uploads\/2024\/10\/map.png\" class=\"attachment-800x600 size-800x600\" alt=\"\" \/>\t\t\t\t\t\t\t\t\t\t\t\t\t\t\t\n\t\t\t\t\t\t\t<\/div>\n\t\t\t\t\t\t<\/div>\n\t\t\t\t\t\t\t\t\t\t<div class=\"info-box-content\">\n\t\t\t\t\t\t<h4 class=\"info-box-title title box-title-style-default wd-fontsize-m\">Huzur Mah. Mobilya Vadi Cad. No:2 \u0130\u00e7 Kap\u0131 No:107<\/h4>\t\t\t\t\t\t<div class=\"info-box-inner set-cont-mb-s reset-last-child\"><\/div>\n\n\t\t\t\t\t\t\t\t\t\t\t<\/div>\n\n\t\t\t\t\t\n\t\t\t\t\t\t\t\t\t<\/div>\n\t\t\t<\/div>\n\t\t[\/vc_column][vc_column width=&#8221;1\/2&#8243;][vc_gmaps link=&#8221;#E-8_JTNDaWZyYW1lJTIwc3JjJTNEJTIyaHR0cHMlM0ElMkYlMkZ3d3cuZ29vZ2xlLmNvbSUyRm1hcHMlMkZlbWJlZCUzRnBiJTNEJTIxMW0xOCUyMTFtMTIlMjExbTMlMjExZDQ4ODMyLjMyOTkyNDU1NjIyJTIxMmQyOS40NDIwNzM5ODI3NTY3MyUyMTNkNDAuMDk3MjUzMTk0ODMxNTclMjEybTMlMjExZjAlMjEyZjAlMjEzZjAlMjEzbTIlMjExaTEwMjQlMjEyaTc2OCUyMTRmMTMuMSUyMTNtMyUyMTFtMiUyMTFzMHgxNGNiY2I4YzNkNDhlM2E1JTI1M0EweDFmM2Y5ZmY2ZjlmOWQ0MjQlMjEyc05lbGxhJTI1MjBNb2JpbHlhJTIxNWUwJTIxM20yJTIxMXN0ciUyMTJzdHIlMjE0djE3Mjk3NzQyMjE4MjclMjE1bTIlMjExc3RyJTIxMnN0ciUyMiUyMHdpZHRoJTNEJTIyNjAwJTIyJTIwaGVpZ2h0JTNEJTIyNDUwJTIyJTIwc3R5bGUlM0QlMjJib3JkZXIlM0EwJTNCJTIyJTIwYWxsb3dmdWxsc2NyZWVuJTNEJTIyJTIyJTIwbG9hZGluZyUzRCUyMmxhenklMjIlMjByZWZlcnJlcnBvbGljeSUzRCUyMm5vLXJlZmVycmVyLXdoZW4tZG93bmdyYWRlJTIyJTNFJTNDJTJGaWZyYW1lJTNF&#8221; css=&#8221;&#8221;][\/vc_column][\/vc_row]<\/p>\n<\/div>","protected":false},"excerpt":{"rendered":"<p>[vc_row full_width=&#8221;stretch_row&#8221; woodmart_css_id=&#8221;671a43da71f68&#8243; responsive_spacing=&#8221;eyJwYXJhbV90eXBlIjoid29vZG1hcnRfcmVzcG9uc2l2ZV9zcGFjaW5nIiwic2VsZWN0b3JfaWQiOiI2NzFhNDNkYTcxZjY4Iiwic2hvcnRjb2RlIjoidmNfcm93IiwiZGF0YSI6eyJ0YWJsZXQiOnt9LCJtb2JpbGUiOnt9fX0=&#8221; mobile_bg_img_hidden=&#8221;no&#8221; tablet_bg_img_hidden=&#8221;no&#8221; woodmart_parallax=&#8221;0&#8243; woodmart_gradient_switch=&#8221;no&#8221; woodmart_box_shadow=&#8221;no&#8221; wd_z_index=&#8221;no&#8221; woodmart_disable_overflow=&#8221;0&#8243; row_reverse_mobile=&#8221;0&#8243; row_reverse_tablet=&#8221;0&#8243; el_id=&#8221;web&#8221;][vc_column][\/vc_column][\/vc_row][vc_row full_width=&#8221;stretch_row&#8221; woodmart_css_id=&#8221;671a43e73e5db&#8221; responsive_spacing=&#8221;eyJwYXJhbV90eXBlIjoid29vZG1hcnRfcmVzcG9uc2l2ZV9zcGFjaW5nIiwic2VsZWN0b3JfaWQiOiI2NzFhNDNlNzNlNWRiIiwic2hvcnRjb2RlIjoidmNfcm93IiwiZGF0YSI6eyJ0YWJsZXQiOnt9LCJtb2JpbGUiOnt9fX0=&#8221; mobile_bg_img_hidden=&#8221;no&#8221; tablet_bg_img_hidden=&#8221;no&#8221; woodmart_parallax=&#8221;0&#8243;<\/p>\n","protected":false},"author":1,"featured_media":0,"parent":0,"menu_order":0,"comment_status":"closed","ping_status":"open","template":"","meta":{"footnotes":""},"class_list":["post-2","page","type-page","status-publish","hentry"],"_links":{"self":[{"href":"http:\/\/www.nella.com.tr\/index.php\/wp-json\/wp\/v2\/pages\/2"}],"collection":[{"href":"http:\/\/www.nella.com.tr\/index.php\/wp-json\/wp\/v2\/pages"}],"about":[{"href":"http:\/\/www.nella.com.tr\/index.php\/wp-json\/wp\/v2\/types\/page"}],"author":[{"embeddable":true,"href":"http:\/\/www.nella.com.tr\/index.php\/wp-json\/wp\/v2\/users\/1"}],"replies":[{"embeddable":true,"href":"http:\/\/www.nella.com.tr\/index.php\/wp-json\/wp\/v2\/comments?post=2"}],"version-history":[{"count":11,"href":"http:\/\/www.nella.com.tr\/index.php\/wp-json\/wp\/v2\/pages\/2\/revisions"}],"predecessor-version":[{"id":153,"href":"http:\/\/www.nella.com.tr\/index.php\/wp-json\/wp\/v2\/pages\/2\/revisions\/153"}],"wp:attachment":[{"href":"http:\/\/www.nella.com.tr\/index.php\/wp-json\/wp\/v2\/media?parent=2"}],"curies":[{"name":"wp","href":"https:\/\/api.w.org\/{rel}","templated":true}]}}